{"id":105,"date":"2016-07-04T11:28:40","date_gmt":"2016-07-04T11:28:40","guid":{"rendered":"http:\/\/www.bote.hu\/?page_id=105"},"modified":"2025-10-01T18:37:52","modified_gmt":"2025-10-01T18:37:52","slug":"tamogatoink","status":"publish","type":"page","link":"http:\/\/www.bote.hu\/?page_id=105","title":{"rendered":"T\u00e1mogat\u00f3ink"},"content":{"rendered":"\n<figure class=\"wp-block-image size-medium\"><img loading=\"lazy\" width=\"300\" height=\"80\" src=\"https:\/\/www.bote.hu\/wp-content\/uploads\/2024\/05\/logo-3-300x80.png\" alt=\"\" class=\"wp-image-1861\" srcset=\"http:\/\/www.bote.hu\/wp-content\/uploads\/2024\/05\/logo-3-300x80.png 300w, http:\/\/www.bote.hu\/wp-content\/uploads\/2024\/05\/logo-3.png 623w\" sizes=\"(max-width: 300px) 100vw, 300px\" \/><\/figure>\n\n\n\n<figure class=\"wp-block-image size-medium\"><img loading=\"lazy\" width=\"300\" height=\"300\" src=\"https:\/\/www.bote.hu\/wp-content\/uploads\/2024\/05\/unnamed-300x300.jpg\" alt=\"\" class=\"wp-image-1862\" srcset=\"http:\/\/www.bote.hu\/wp-content\/uploads\/2024\/05\/unnamed-300x300.jpg 300w, http:\/\/www.bote.hu\/wp-content\/uploads\/2024\/05\/unnamed-150x150.jpg 150w, http:\/\/www.bote.hu\/wp-content\/uploads\/2024\/05\/unnamed-768x768.jpg 768w, http:\/\/www.bote.hu\/wp-content\/uploads\/2024\/05\/unnamed.jpg 900w\" sizes=\"(max-width: 300px) 100vw, 300px\" \/><\/figure>\n\n\n\n<figure class=\"wp-block-image size-large is-resized\"><img loading=\"lazy\" src=\"https:\/\/www.bote.hu\/wp-content\/uploads\/2024\/09\/326531600_1555144988312095_8041653437588826270_n.jpg\" alt=\"\" class=\"wp-image-1942\" width=\"294\" height=\"294\" srcset=\"http:\/\/www.bote.hu\/wp-content\/uploads\/2024\/09\/326531600_1555144988312095_8041653437588826270_n.jpg 750w, http:\/\/www.bote.hu\/wp-content\/uploads\/2024\/09\/326531600_1555144988312095_8041653437588826270_n-300x300.jpg 300w, http:\/\/www.bote.hu\/wp-content\/uploads\/2024\/09\/326531600_1555144988312095_8041653437588826270_n-150x150.jpg 150w\" sizes=\"(max-width: 294px) 100vw, 294px\" \/><\/figure>\n\n\n\n<figure class=\"wp-block-image size-medium\"><img loading=\"lazy\" width=\"300\" height=\"180\" src=\"https:\/\/www.bote.hu\/wp-content\/uploads\/2024\/05\/358573399_761064009362000_4371783809387698218_n-1-300x180.jpg\" alt=\"\" class=\"wp-image-1859\" srcset=\"http:\/\/www.bote.hu\/wp-content\/uploads\/2024\/05\/358573399_761064009362000_4371783809387698218_n-1-300x180.jpg 300w, http:\/\/www.bote.hu\/wp-content\/uploads\/2024\/05\/358573399_761064009362000_4371783809387698218_n-1-1024x615.jpg 1024w, http:\/\/www.bote.hu\/wp-content\/uploads\/2024\/05\/358573399_761064009362000_4371783809387698218_n-1-768x461.jpg 768w, http:\/\/www.bote.hu\/wp-content\/uploads\/2024\/05\/358573399_761064009362000_4371783809387698218_n-1.jpg 1182w\" sizes=\"(max-width: 300px) 100vw, 300px\" \/><\/figure>\n\n\n\n<figure class=\"wp-block-image size-large is-resized\"><img src=\"https:\/\/www.bote.hu\/wp-content\/uploads\/2025\/10\/DeWalt_Eurofest_Logo_Screen.jpg\" alt=\"\" class=\"wp-image-2101\" width=\"300\" srcset=\"http:\/\/www.bote.hu\/wp-content\/uploads\/2025\/10\/DeWalt_Eurofest_Logo_Screen.jpg 1000w, http:\/\/www.bote.hu\/wp-content\/uploads\/2025\/10\/DeWalt_Eurofest_Logo_Screen-300x191.jpg 300w, http:\/\/www.bote.hu\/wp-content\/uploads\/2025\/10\/DeWalt_Eurofest_Logo_Screen-768x490.jpg 768w\" sizes=\"(max-width: 1000px) 100vw, 1000px\" \/><\/figure>\n\n\n<p><a href=\"https:\/\/codex.hu\/\" target=\"_blank\" rel=\"noopener\"><img loading=\"lazy\" class=\"alignnone  wp-image-465\" src=\"http:\/\/www.bote.hu\/wp-content\/uploads\/2016\/07\/Tamogato_codex.jpg\" alt=\"\" width=\"288\" height=\"144\" srcset=\"http:\/\/www.bote.hu\/wp-content\/uploads\/2016\/07\/Tamogato_codex.jpg 400w, http:\/\/www.bote.hu\/wp-content\/uploads\/2016\/07\/Tamogato_codex-300x150.jpg 300w\" sizes=\"(max-width: 288px) 100vw, 288px\" \/><\/a><\/p>\n<p>\u00a0<\/p>\n<p><a href=\"http:\/\/www.stulwerk.hu\/\" target=\"_blank\" rel=\"noopener\"><img loading=\"lazy\" class=\"alignnone  wp-image-467\" src=\"http:\/\/www.bote.hu\/wp-content\/uploads\/2016\/07\/Tamogato_stulwerk.jpg\" alt=\"\" width=\"328\" height=\"164\" srcset=\"http:\/\/www.bote.hu\/wp-content\/uploads\/2016\/07\/Tamogato_stulwerk.jpg 400w, http:\/\/www.bote.hu\/wp-content\/uploads\/2016\/07\/Tamogato_stulwerk-300x150.jpg 300w\" sizes=\"(max-width: 328px) 100vw, 328px\" \/><\/a><\/p>\n<p><a href=\"https:\/\/www.mewa.hu\/\" target=\"_blank\" rel=\"noopener\"><img loading=\"lazy\" class=\"alignnone  wp-image-466\" src=\"http:\/\/www.bote.hu\/wp-content\/uploads\/2016\/07\/Tamogato_mewa.jpg\" alt=\"\" width=\"318\" height=\"159\" srcset=\"http:\/\/www.bote.hu\/wp-content\/uploads\/2016\/07\/Tamogato_mewa.jpg 400w, http:\/\/www.bote.hu\/wp-content\/uploads\/2016\/07\/Tamogato_mewa-300x150.jpg 300w\" sizes=\"(max-width: 318px) 100vw, 318px\" \/><\/a><\/p>\n<p>\u00a0<\/p>\n\n\n<figure class=\"wp-block-image size-large is-resized\"><img loading=\"lazy\" src=\"http:\/\/www.bote.hu\/wp-content\/uploads\/2021\/01\/alairasjpg-1024x193.jpg\" alt=\"\" class=\"wp-image-1378\" width=\"323\" height=\"59\"\/><\/figure>\n\n\n\n<figure class=\"wp-block-image size-large is-resized\"><img loading=\"lazy\" src=\"https:\/\/www.bote.hu\/wp-content\/uploads\/2024\/09\/tamogato2-1024x1024.jpg\" alt=\"\" class=\"wp-image-1950\" width=\"512\" height=\"512\" srcset=\"http:\/\/www.bote.hu\/wp-content\/uploads\/2024\/09\/tamogato2-1024x1024.jpg 1024w, http:\/\/www.bote.hu\/wp-content\/uploads\/2024\/09\/tamogato2-300x300.jpg 300w, http:\/\/www.bote.hu\/wp-content\/uploads\/2024\/09\/tamogato2-150x150.jpg 150w, http:\/\/www.bote.hu\/wp-content\/uploads\/2024\/09\/tamogato2-768x768.jpg 768w, http:\/\/www.bote.hu\/wp-content\/uploads\/2024\/09\/tamogato2-1536x1536.jpg 1536w, http:\/\/www.bote.hu\/wp-content\/uploads\/2024\/09\/tamogato2-2048x2048.jpg 2048w\" sizes=\"(max-width: 512px) 100vw, 512px\" \/><\/figure>\n\n\n\n<h1>T\u00c1MOGAT\u00c1SSA M\u0170K\u00d6D\u00c9S\u00dcNKET: <a href=\"mailto:INFO@BOTE.HU\">INFO@BOTE.HU<\/a><\/h1>\n\n\n\n<p><\/p>\n\n\n\n<p><\/p>\n","protected":false},"excerpt":{"rendered":"<p>\u00a0 \u00a0 T\u00c1MOGAT\u00c1SSA M\u0170K\u00d6D\u00c9S\u00dcNKET: INFO@BOTE.HU<\/p>\n","protected":false},"author":1,"featured_media":0,"parent":0,"menu_order":0,"comment_status":"closed","ping_status":"closed","template":"","meta":[],"_links":{"self":[{"href":"http:\/\/www.bote.hu\/index.php?rest_route=\/wp\/v2\/pages\/105"}],"collection":[{"href":"http:\/\/www.bote.hu\/index.php?rest_route=\/wp\/v2\/pages"}],"about":[{"href":"http:\/\/www.bote.hu\/index.php?rest_route=\/wp\/v2\/types\/page"}],"author":[{"embeddable":true,"href":"http:\/\/www.bote.hu\/index.php?rest_route=\/wp\/v2\/users\/1"}],"replies":[{"embeddable":true,"href":"http:\/\/www.bote.hu\/index.php?rest_route=%2Fwp%2Fv2%2Fcomments&post=105"}],"version-history":[{"count":16,"href":"http:\/\/www.bote.hu\/index.php?rest_route=\/wp\/v2\/pages\/105\/revisions"}],"predecessor-version":[{"id":2103,"href":"http:\/\/www.bote.hu\/index.php?rest_route=\/wp\/v2\/pages\/105\/revisions\/2103"}],"wp:attachment":[{"href":"http:\/\/www.bote.hu\/index.php?rest_route=%2Fwp%2Fv2%2Fmedia&parent=105"}],"curies":[{"name":"wp","href":"https:\/\/api.w.org\/{rel}","templated":true}]}}