{"id":1710,"date":"2023-12-05T19:21:18","date_gmt":"2023-12-05T19:21:18","guid":{"rendered":"http:\/\/www.bote.hu\/?page_id=1710"},"modified":"2023-12-05T19:37:54","modified_gmt":"2023-12-05T19:37:54","slug":"ajandekozz-biztonsagot","status":"publish","type":"page","link":"http:\/\/www.bote.hu\/?page_id=1710","title":{"rendered":"Aj\u00e1nd\u00e9kozzon BIZTONS\u00c1GOT!"},"content":{"rendered":"\n<blockquote class=\"wp-block-quote is-style-large\"><p>Gondoljon a kar\u00e1csonyi aj\u00e1nd\u00e9kv\u00e1s\u00e1rl\u00e1sn\u00e1l a biztons\u00e1gra is! Aj\u00e1nd\u00e9kozzon BIZTONS\u00c1GOT Kar\u00e1csonyra!<\/p><\/blockquote>\n\n\n\n<p class=\"has-medium-font-size\"><strong>F\u00fcst\u00e9rz\u00e9kel\u0151 (1\/3)<\/strong><\/p>\n\n\n\n<p>Az id\u0151ben felismert t\u0171z \u00e9leteket menthet!<\/p>\n\n\n\n<p>A f\u00fcst\u00e9rz\u00e9kel\u0151k a t\u0171z korai st\u00e1dium\u00e1ban jelezhetik, hogy t\u0171z van. Ez f\u0151k\u00e9pp \u00e9jszaka, \u00e1lmunkban lehet \u00e9letment\u0151, hiszen \u00edgy sokkal nagyobb az es\u00e9ly\u00fcnk arra, hogy id\u0151ben el tudjuk hagyni a lak\u00e1st. A menek\u00fcl\u00e9sen k\u00edv\u00fcl az id\u0151ben jelzett, m\u00e9g kialakul\u00f3ban l\u00e9v\u0151 t\u00fczet nagyobb es\u00e9llyel olthatjuk el k\u00e9zi t\u0171zolt\u00f3 k\u00e9sz\u00fcl\u00e9kkel.<\/p>\n\n\n\n<p>Olvassa el a Magyar T\u0171zolt\u00f3 Sz\u00f6vets\u00e9g aj\u00e1nl\u00e1s\u00e1t a f\u00fcstjelz\u0151kkel kapcsolatban:<\/p>\n\n\n\n<p><a href=\"https:\/\/www.vedelem.hu\/letoltes\/document\/521-mtsz-fustjelzok-telepitese.pdf\">https:\/\/www.vedelem.hu\/letoltes\/document\/521-mtsz-fustjelzok-telepitese.pdf<\/a><\/p>\n\n\n\n<figure class=\"wp-block-image size-medium is-resized\"><img loading=\"lazy\" src=\"https:\/\/www.bote.hu\/wp-content\/uploads\/2023\/12\/fust-v0.1-kcisi-300x300.jpg\" alt=\"\" class=\"wp-image-1717\" width=\"400\" height=\"400\" srcset=\"http:\/\/www.bote.hu\/wp-content\/uploads\/2023\/12\/fust-v0.1-kcisi-300x300.jpg 300w, http:\/\/www.bote.hu\/wp-content\/uploads\/2023\/12\/fust-v0.1-kcisi-1024x1024.jpg 1024w, http:\/\/www.bote.hu\/wp-content\/uploads\/2023\/12\/fust-v0.1-kcisi-150x150.jpg 150w, http:\/\/www.bote.hu\/wp-content\/uploads\/2023\/12\/fust-v0.1-kcisi-768x768.jpg 768w, http:\/\/www.bote.hu\/wp-content\/uploads\/2023\/12\/fust-v0.1-kcisi.jpg 1152w\" sizes=\"(max-width: 400px) 100vw, 400px\" \/><\/figure>\n\n\n\n<p class=\"has-medium-font-size\"><strong>T\u0171zolt\u00f3 k\u00e9sz\u00fcl\u00e9k (2\/3)<\/strong><\/p>\n\n\n\n<p>\u201eCsal\u00e1di h\u00e1zakban, t\u00e1rsash\u00e1zak lak\u00e1saiban, szem\u00e9lyaut\u00f3kban nem k\u00f6telez\u0151 t\u0171zolt\u00f3 k\u00e9sz\u00fcl\u00e9ket tartani, viszont nagyon hasznos, ha van, csak aj\u00e1nlani tudjuk.\u201d<\/p>\n\n\n\n<p>\u201eOtthonra a legjobb megold\u00e1s, ha egy 6 kilogrammos ABC porral olt\u00f3 t\u0171zolt\u00f3 k\u00e9sz\u00fcl\u00e9ket v\u00e1s\u00e1rolsz. Az ABC a t\u0171zoszt\u00e1lyokat jelzi, hogy milyen t\u00fczeket lehet vele oltani.\u201d<\/p>\n\n\n\n<p>\u201eHa vannak otthon gyerekek, vagy a sz\u00e9p kor\u00fa sz\u00fcleidnek venn\u00e9l t\u0171zolt\u00f3 k\u00e9sz\u00fcl\u00e9ket, akkor az is szempont, hogy k\u00f6nny\u0171 legyen. Ilyen esetben egy 2 kilogrammos ABC porral olt\u00f3t vegy\u00e9l, amit a gyerk\u0151c\u00f6k \u00e9s az id\u0151sebbek is k\u00f6nnyen elb\u00edrnak.\u201d<\/p>\n\n\n\n<p>-tov\u00e1bbi aj\u00e1nl\u00e1sokat a Katasztr\u00f3fav\u00e9delem honlapj\u00e1n tal\u00e1l:<\/p>\n\n\n\n<p><a href=\"https:\/\/www.katasztrofavedelem.hu\/37294\/amit-a-porral-oltorol-tudni-kell\">https:\/\/www.katasztrofavedelem.hu\/37294\/amit-a-porral-oltorol-tudni-kell<\/a><\/p>\n\n\n\n<p>A porral olt\u00f3 k\u00e9sz\u00fcl\u00e9k haszn\u00e1lata:<\/p>\n\n\n\n<p><a href=\"https:\/\/www.katasztrofavedelem.hu\/application\/uploads\/documents\/2019-09\/64072.doc\">https:\/\/www.katasztrofavedelem.hu\/application\/uploads\/documents\/2019-09\/64072.doc<\/a><\/p>\n\n\n\n<figure class=\"wp-block-image size-large is-resized\"><img loading=\"lazy\" src=\"https:\/\/www.bote.hu\/wp-content\/uploads\/2023\/12\/olto-v0.1-kicsi-1024x1024.jpg\" alt=\"\" class=\"wp-image-1718\" width=\"400\" height=\"400\" srcset=\"http:\/\/www.bote.hu\/wp-content\/uploads\/2023\/12\/olto-v0.1-kicsi-1024x1024.jpg 1024w, http:\/\/www.bote.hu\/wp-content\/uploads\/2023\/12\/olto-v0.1-kicsi-300x300.jpg 300w, http:\/\/www.bote.hu\/wp-content\/uploads\/2023\/12\/olto-v0.1-kicsi-150x150.jpg 150w, http:\/\/www.bote.hu\/wp-content\/uploads\/2023\/12\/olto-v0.1-kicsi-768x768.jpg 768w, http:\/\/www.bote.hu\/wp-content\/uploads\/2023\/12\/olto-v0.1-kicsi.jpg 1152w\" sizes=\"(max-width: 400px) 100vw, 400px\" \/><\/figure>\n\n\n\n<p class=\"has-medium-font-size\"><strong>Sz\u00e9n-monoxid \u00e9rz\u00e9kel\u0151 (3\/3)<\/strong><\/p>\n\n\n\n<p>A sz\u00e9n-monoxid (vegyjele: CO) az emberi \u00e9rz\u00e9kszervek sz\u00e1m\u00e1ra \u201el\u00e1thatatlan\u201d, hisz ez egy sz\u00edntelen, szagtalan, \u00edztelen, a leveg\u0151n\u00e9l egy kicsivel k\u00f6nnyebb, m\u00e9rgez\u0151 g\u00e1z, amely t\u00f6k\u00e9letlen \u00e9g\u00e9s sor\u00e1n j\u00f6n l\u00e9tre. A sz\u00e9n-monoxid-m\u00e9rgez\u00e9s nehezen \u00e9szrevehet\u0151, hiszen a t\u00fcnetek, vagyis a rosszull\u00e9t, sz\u00e9d\u00fcl\u00e9s, fejf\u00e1j\u00e1s, h\u00e1nyinger \u00e9s f\u00e1radts\u00e1g k\u00f6nnyen \u00f6sszet\u00e9veszthet\u0151ek egy\u00e9b betegs\u00e9gek t\u00fcneteivel.<\/p>\n\n\n\n<p>Tov\u00e1bbi inform\u00e1ci\u00f3k:<\/p>\n\n\n\n<p><a href=\"https:\/\/www.katasztrofavedelem.hu\/329\/a-szen-monoxid-mergezes-megelozheto\">https:\/\/www.katasztrofavedelem.hu\/329\/a-szen-monoxid-mergezes-megelozheto<\/a><\/p>\n\n\n\n<p>A Katasztr\u00f3fav\u00e9delem \u00e1ltal aj\u00e1nlott \u00e9rz\u00e9kel\u0151k list\u00e1ja:<\/p>\n\n\n\n<p><a href=\"https:\/\/www.katasztrofavedelem.hu\/35945\/szen-monoxid-erzekelok\">https:\/\/www.katasztrofavedelem.hu\/35945\/szen-monoxid-erzekelok<\/a><\/p>\n\n\n\n<figure class=\"wp-block-image size-large is-resized\"><img loading=\"lazy\" src=\"https:\/\/www.bote.hu\/wp-content\/uploads\/2023\/12\/co-v0.2-kicsi-1-1024x1024.jpg\" alt=\"\" class=\"wp-image-1719\" width=\"400\" height=\"400\" srcset=\"http:\/\/www.bote.hu\/wp-content\/uploads\/2023\/12\/co-v0.2-kicsi-1-1024x1024.jpg 1024w, http:\/\/www.bote.hu\/wp-content\/uploads\/2023\/12\/co-v0.2-kicsi-1-300x300.jpg 300w, http:\/\/www.bote.hu\/wp-content\/uploads\/2023\/12\/co-v0.2-kicsi-1-150x150.jpg 150w, http:\/\/www.bote.hu\/wp-content\/uploads\/2023\/12\/co-v0.2-kicsi-1-768x768.jpg 768w, http:\/\/www.bote.hu\/wp-content\/uploads\/2023\/12\/co-v0.2-kicsi-1.jpg 1152w\" sizes=\"(max-width: 400px) 100vw, 400px\" \/><\/figure>\n\n\n\n<h2 class=\"has-huge-font-size\"><a href=\"https:\/\/www.bote.hu\/wp-content\/uploads\/2023\/12\/BOTE-Biztonsag-karacsonyra.pdf\" data-type=\"URL\" data-id=\"https:\/\/www.bote.hu\/wp-content\/uploads\/2023\/12\/BOTE-Biztonsag-karacsonyra.pdf\">A r\u00e9szletes le\u00edr\u00e1sunk innen let\u00f6lthet\u0151.<\/a><\/h2>\n","protected":false},"excerpt":{"rendered":"<p>Gondoljon a kar\u00e1csonyi aj\u00e1nd\u00e9kv\u00e1s\u00e1rl\u00e1sn\u00e1l a biztons\u00e1gra is! Aj\u00e1nd\u00e9kozzon BIZTONS\u00c1GOT Kar\u00e1csonyra! F\u00fcst\u00e9rz\u00e9kel\u0151 (1\/3) Az id\u0151ben felismert t\u0171z \u00e9leteket menthet! A f\u00fcst\u00e9rz\u00e9kel\u0151k a t\u0171z korai st\u00e1dium\u00e1ban jelezhetik, hogy t\u0171z van. Ez f\u0151k\u00e9pp \u00e9jszaka, \u00e1lmunkban lehet \u00e9letment\u0151, hiszen \u00edgy sokkal nagyobb az es\u00e9ly\u00fcnk &hellip; <a href=\"http:\/\/www.bote.hu\/?page_id=1710\">Egy kattint\u00e1s ide a folytat\u00e1shoz&#8230;. <span class=\"meta-nav\">&rarr;<\/span><\/a><\/p>\n","protected":false},"author":1,"featured_media":0,"parent":0,"menu_order":0,"comment_status":"closed","ping_status":"closed","template":"","meta":[],"_links":{"self":[{"href":"http:\/\/www.bote.hu\/index.php?rest_route=\/wp\/v2\/pages\/1710"}],"collection":[{"href":"http:\/\/www.bote.hu\/index.php?rest_route=\/wp\/v2\/pages"}],"about":[{"href":"http:\/\/www.bote.hu\/index.php?rest_route=\/wp\/v2\/types\/page"}],"author":[{"embeddable":true,"href":"http:\/\/www.bote.hu\/index.php?rest_route=\/wp\/v2\/users\/1"}],"replies":[{"embeddable":true,"href":"http:\/\/www.bote.hu\/index.php?rest_route=%2Fwp%2Fv2%2Fcomments&post=1710"}],"version-history":[{"count":9,"href":"http:\/\/www.bote.hu\/index.php?rest_route=\/wp\/v2\/pages\/1710\/revisions"}],"predecessor-version":[{"id":1726,"href":"http:\/\/www.bote.hu\/index.php?rest_route=\/wp\/v2\/pages\/1710\/revisions\/1726"}],"wp:attachment":[{"href":"http:\/\/www.bote.hu\/index.php?rest_route=%2Fwp%2Fv2%2Fmedia&parent=1710"}],"curies":[{"name":"wp","href":"https:\/\/api.w.org\/{rel}","templated":true}]}}