{"id":1727,"date":"2024-01-01T08:19:16","date_gmt":"2024-01-01T08:19:16","guid":{"rendered":"http:\/\/www.bote.hu\/?page_id=1727"},"modified":"2024-01-01T08:25:10","modified_gmt":"2024-01-01T08:25:10","slug":"1923-2023","status":"publish","type":"page","link":"http:\/\/www.bote.hu\/?page_id=1727","title":{"rendered":"100 \u00c9V kiadv\u00e1ny"},"content":{"rendered":"\n<figure class=\"wp-block-image size-large is-resized\"><img loading=\"lazy\" src=\"https:\/\/www.bote.hu\/wp-content\/uploads\/2024\/01\/promo1.2-1024x332.jpg\" alt=\"\" class=\"wp-image-1728\" width=\"565\" height=\"183\" srcset=\"http:\/\/www.bote.hu\/wp-content\/uploads\/2024\/01\/promo1.2-1024x332.jpg 1024w, http:\/\/www.bote.hu\/wp-content\/uploads\/2024\/01\/promo1.2-300x97.jpg 300w, http:\/\/www.bote.hu\/wp-content\/uploads\/2024\/01\/promo1.2-768x249.jpg 768w, http:\/\/www.bote.hu\/wp-content\/uploads\/2024\/01\/promo1.2-1536x498.jpg 1536w, http:\/\/www.bote.hu\/wp-content\/uploads\/2024\/01\/promo1.2.jpg 1829w\" sizes=\"(max-width: 565px) 100vw, 565px\" \/><\/figure>\n\n\n\n<p class=\"has-medium-font-size\"><strong>100 \u00e9ves a szervezett t\u0171zolt\u00e1s Budakeszin<\/strong> &#8211; 1923-2023<\/p>\n\n\n\n<p class=\"has-text-align-left\"><em>Jubileumi kiadv\u00e1nnyal k\u00e9sz\u00fclt a 2015-ben \u00fajj\u00e1alak\u00edtott Budakeszi \u00d6nk\u00e9ntes T\u0171zolt\u00f3 Egyes\u00fclet a kor\u00e1bbi T\u0171zolt\u00f3test\u00fclet alap\u00edt\u00e1s\u00e1nak 100 \u00e9ves \u00e9vfordul\u00f3j\u00e1ra.<\/em><\/p>\n\n\n\n<p class=\"has-text-align-left\">1923. december 23-\u00e1n fogadja el a Budakeszi \u00d6nk\u00e9ntes T\u0171zolt\u00f3test\u00fclet az Alapszab\u00e1ly\u00e1t, \u00e9s megkezdi m\u0171k\u00f6d\u00e9s\u00e9t telep\u00fcl\u00e9s\u00fcnk\u00f6n. Az egyes\u00fclet a Heimatbuch \u00f6sszefoglal\u00f3ja szerint mintegy 60 tagot sz\u00e1ml\u00e1lt, a m\u0171k\u00f6d\u0151 tagok \u00e1llom\u00e1nya pedig nagyj\u00e1b\u00f3l 35 f\u0151t tett ki. Mint ahogy a b\u00e9keid\u0151kr\u0151l is kev\u00e9s az inform\u00e1ci\u00f3nk, \u00fagy nem tudjuk azt sem, hogy a h\u00e1bor\u00fa idej\u00e9n, f\u0151leg az 1944. m\u00e1rciust\u00f3l december v\u00e9g\u00e9ig tart\u00f3 n\u00e9met megsz\u00e1ll\u00e1s alatt folytatta-e a tev\u00e9kenys\u00e9g\u00e9t. Mindenesetre legk\u00e9s\u0151bb a szovjet megsz\u00e1ll\u00e1ssal v\u00e9get \u00e9rt az addigi m\u0171k\u00f6d\u00e9si rend, katonai k\u00f6zigazgat\u00e1s l\u00e9pett \u00e9letbe. A budakeszi szovjet hely\u0151rs\u00e9g parancsnoka, Maszlov \u0151rnagy egy 40 tag\u00fa nemzet\u0151rs\u00e9g \u00e9s egy 20 tag\u00fa rend\u0151rs\u00e9g mellett egy 10 tag\u00fa t\u0171zolt\u00f3s\u00e1got alak\u00edtott.<\/p>\n\n\n\n<p class=\"has-text-align-left\">Az 1946 m\u00e1rcius\u00e1ban v\u00e9grehajtott kitelep\u00edt\u00e9sek sor\u00e1n az egyes\u00fclet vezet\u0151s\u00e9ge \u00e9s a tags\u00e1g jelent\u0151s r\u00e9sze elhagyni k\u00e9nyszer\u00fcltek Budakeszit (voltak, akik m\u00e1r 1944-ben elmenek\u00fcltek, m\u00e1sokat intern\u00e1ltak). Az egyes\u00fclet vagyon\u00e1t a vonatkoz\u00f3 rendeletek elvileg a k\u00f6zs\u00e9g tulajdon\u00e1ba ker\u00fcltek \u00e1t \u2013 az ingatlanokat z\u00e1r al\u00e1 vett\u00e9k, az ing\u00f3s\u00e1gok \u00e9s a p\u00e9nzvagyon felkutat\u00e1sa azonban nem j\u00e1rt sikerrel.<\/p>\n\n\n\n<p class=\"has-text-align-left\">A t\u0171zolt\u00f3s\u00e1g akt\u00edv m\u0171k\u00f6d\u00e9s\u00e9r\u0151l tud\u00f3s\u00edt egy 1949. j\u00fanius 5-\u00e9n kelt oklev\u00e9l, amely azt igazolja, hogy az ugyanaznap Buda\u00f6rs\u00f6n megtarott \u201eBudak\u00f6rny\u00e9ki J\u00e1r\u00e1si t\u0171zolt\u00f3versenyen\u201d Budakeszi versenycsapata \u201ea kocsifecskend\u0151 szerel\u00e9s verseny sz\u00e1m\u00e1ban els\u0151 helyez\u00e9st \u00e9rt el\u201d.<\/p>\n\n\n\n<p class=\"has-text-align-left\">A budakeszi t\u0171zolt\u00f3s\u00e1gnak a k\u00f6vetkez\u0151 \u00e9vtizedekben kifejtett m\u0171k\u00f6d\u00e9s\u00e9nek felt\u00e1r\u00e1sa tov\u00e1bbi kutat\u00e1sokat ig\u00e9nyel. Jelenleg egyetlen dokumentum ismert \u2013 ism\u00e9t egy versenyoklev\u00e9l \u2013 amely azt bizony\u00edtja, hogy legal\u00e1bb az 1960-as \u00e9vek k\u00f6zep\u00e9ig biztosan van mit felt\u00e1rni. 1964-ben a pilisszentiv\u00e1ni j\u00e1r\u00e1si t\u0171zolt\u00f3versenyen a \u201eBudakeszi \u00d6nk\u00e9ntes t\u0171zolt\u00f3s\u00e1g f\u00e9rfi raja [\u2026] 400-as fecskend\u0151szerel\u00e9sben\u201d III. helyez\u00e9st \u00e9rt el.<\/p>\n\n\n\n<p class=\"has-text-align-left\">Annyi bizonyos, hogy 2015-ben 10 lelkes taggal \u00fajj\u00e1alakult a Budakeszi \u00d6nk\u00e9ntes T\u0171zolt\u00f3 Egyes\u00fclet, \u00e9s jelenleg szinte az \u00f6sszes Budakeszin t\u00f6rt\u00e9n\u0151 estn\u00e9l akt\u00edvan r\u00e9szt vesz a beavatkoz\u00e1sokban. Az els\u0151dleges t\u0171zolt\u00f3i tev\u00e9kenys\u00e9gen k\u00edv\u00fcl r\u00e9szt feladatot v\u00e1llal a fiatalok nevel\u00e9s\u00e9ben, t\u0171zmegel\u0151z\u00e9si- \u00e9s k\u00f6z\u00f6ss\u00e9g\u00e9p\u00edt\u00e9si feladatokban is.<\/p>\n\n\n\n<p class=\"has-text-align-left\">B\u0150VEBBEN a budakeszi t\u0171zolt\u00f3k t\u00f6rt\u00e9nelm\u00e9r\u0151l \u00e9s jelen\u00e9r\u0151l a jubileumi alkalomb\u00f3l bemutat\u00e1sra ker\u00fclt az a 94 oldalas kiadv\u00e1nyban olvashatnak!<\/p>\n\n\n\n<p class=\"has-text-align-left\"><strong><em>A kiadv\u00e1nyban \u00f6sszegy\u0171jt\u00f6tt\u00fcnk minden \u00e1ltalunk ismert t\u00f6rt\u00e9nelmi eml\u00e9ket a budakeszi t\u0171zolt\u00e1ssal kapcsolatban, valamint bemutatjuk a 2015 \u00f3ta mik\u00e9pp m\u0171k\u00f6dik az Egyes\u00fclet\u00fcnk, \u00e9s milyen jelent\u0151s k\u00e1reseteink voltak az elm\u00falt \u00e9vekben.<\/em><\/strong><\/p>\n\n\n\n<p><strong><em>T\u00e1mogassa \u00d6n is munk\u00e1nkat egy t\u00e1mogat\u00f3i p\u00e9ld\u00e1ny megv\u00e1s\u00e1rl\u00e1s\u00e1val!<\/em><\/strong><\/p>\n\n\n\n<p class=\"has-medium-font-size\"><strong><em>A kiadv\u00e1ny t\u00e1mogat\u00f3i \u00e1ra: 4.000 Ft.<\/em><\/strong><br><strong><em>Rendel\u00e9s\u00e9t leadhatja az <\/em><\/strong><a href=\"mailto:info@bote.hu\"><strong><em>info@bote.hu<\/em><\/strong><\/a><strong><em> email c\u00edmen vagy a +36-30-483-8542 telefonsz\u00e1mon.<\/em><\/strong><\/p>\n\n\n\n<p><img loading=\"lazy\" src=\"https:\/\/lh7-us.googleusercontent.com\/ZULs3Kam-uUzNMBJzcOYJVK0OovUH2rsRfiBOf3OAF7UtujUpJZchOTunyjgVjQXRpbSuIJTs3gB9DrO7mud-fQYDIr9FYlIH4zCzuUbtnB4UdFUSV8VIviqJe1f7BmrlfZyqvnLPVVLVPoVlr8Ivzxevco7AVXck_VX5C16GAbCnbpGepsUxtJ30aKGoQ\" width=\"275\" height=\"413\"><\/p>\n","protected":false},"excerpt":{"rendered":"<p>100 \u00e9ves a szervezett t\u0171zolt\u00e1s Budakeszin &#8211; 1923-2023 Jubileumi kiadv\u00e1nnyal k\u00e9sz\u00fclt a 2015-ben \u00fajj\u00e1alak\u00edtott Budakeszi \u00d6nk\u00e9ntes T\u0171zolt\u00f3 Egyes\u00fclet a kor\u00e1bbi T\u0171zolt\u00f3test\u00fclet alap\u00edt\u00e1s\u00e1nak 100 \u00e9ves \u00e9vfordul\u00f3j\u00e1ra. 1923. december 23-\u00e1n fogadja el a Budakeszi \u00d6nk\u00e9ntes T\u0171zolt\u00f3test\u00fclet az Alapszab\u00e1ly\u00e1t, \u00e9s megkezdi m\u0171k\u00f6d\u00e9s\u00e9t telep\u00fcl\u00e9s\u00fcnk\u00f6n. &hellip; <a href=\"http:\/\/www.bote.hu\/?page_id=1727\">Egy kattint\u00e1s ide a folytat\u00e1shoz&#8230;. <span class=\"meta-nav\">&rarr;<\/span><\/a><\/p>\n","protected":false},"author":1,"featured_media":0,"parent":0,"menu_order":0,"comment_status":"closed","ping_status":"closed","template":"","meta":[],"_links":{"self":[{"href":"http:\/\/www.bote.hu\/index.php?rest_route=\/wp\/v2\/pages\/1727"}],"collection":[{"href":"http:\/\/www.bote.hu\/index.php?rest_route=\/wp\/v2\/pages"}],"about":[{"href":"http:\/\/www.bote.hu\/index.php?rest_route=\/wp\/v2\/types\/page"}],"author":[{"embeddable":true,"href":"http:\/\/www.bote.hu\/index.php?rest_route=\/wp\/v2\/users\/1"}],"replies":[{"embeddable":true,"href":"http:\/\/www.bote.hu\/index.php?rest_route=%2Fwp%2Fv2%2Fcomments&post=1727"}],"version-history":[{"count":12,"href":"http:\/\/www.bote.hu\/index.php?rest_route=\/wp\/v2\/pages\/1727\/revisions"}],"predecessor-version":[{"id":1742,"href":"http:\/\/www.bote.hu\/index.php?rest_route=\/wp\/v2\/pages\/1727\/revisions\/1742"}],"wp:attachment":[{"href":"http:\/\/www.bote.hu\/index.php?rest_route=%2Fwp%2Fv2%2Fmedia&parent=1727"}],"curies":[{"name":"wp","href":"https:\/\/api.w.org\/{rel}","templated":true}]}}