{"id":1804,"date":"2024-01-06T16:44:13","date_gmt":"2024-01-06T16:44:13","guid":{"rendered":"http:\/\/www.bote.hu\/?page_id=1804"},"modified":"2025-03-12T06:27:46","modified_gmt":"2025-03-12T06:27:46","slug":"videoink","status":"publish","type":"page","link":"http:\/\/www.bote.hu\/?page_id=1804","title":{"rendered":"Vide\u00f3ink"},"content":{"rendered":"\n<p class=\"has-medium-font-size\">2024<\/p>\n\n\n\n<figure class=\"wp-block-embed is-type-video is-provider-youtube wp-block-embed-youtube wp-embed-aspect-16-9 wp-has-aspect-ratio\"><div class=\"wp-block-embed__wrapper\">\n<iframe title=\"Budakeszi \u00d6nk\u00e9ntes T\u0171zolt\u00f3 Egyes\u00fclet 2024\" width=\"640\" height=\"360\" src=\"https:\/\/www.youtube.com\/embed\/lskv5ZlsviU?feature=oembed\" frameborder=\"0\" allow=\"accelerometer; autoplay; clipboard-write; encrypted-media; gyroscope; picture-in-picture; web-share\" referrerpolicy=\"strict-origin-when-cross-origin\" allowfullscreen><\/iframe>\n<\/div><\/figure>\n\n\n\n<p class=\"has-medium-font-size\">2023<\/p>\n\n\n\n<figure class=\"wp-block-embed is-type-video is-provider-youtube wp-block-embed-youtube wp-embed-aspect-16-9 wp-has-aspect-ratio\"><div class=\"wp-block-embed__wrapper\">\n<iframe title=\"Budakeszi \u00d6nk\u00e9ntes T\u0171zolt\u00f3 Egyes\u00fclet 2023\" width=\"640\" height=\"360\" src=\"https:\/\/www.youtube.com\/embed\/Pl78dKdBRmM?feature=oembed\" frameborder=\"0\" allow=\"accelerometer; autoplay; clipboard-write; encrypted-media; gyroscope; picture-in-picture; web-share\" referrerpolicy=\"strict-origin-when-cross-origin\" allowfullscreen><\/iframe>\n<\/div><\/figure>\n\n\n\n<p class=\"has-medium-font-size\">2022<\/p>\n\n\n\n<figure class=\"wp-block-embed is-type-video is-provider-youtube wp-block-embed-youtube wp-embed-aspect-16-9 wp-has-aspect-ratio\"><div class=\"wp-block-embed__wrapper\">\n<iframe title=\"Budakeszi \u00d6nk\u00e9ntes T\u0171zolt\u00f3 Egyes\u00fclet 2022\" width=\"640\" height=\"360\" src=\"https:\/\/www.youtube.com\/embed\/XzT7vACxq5A?feature=oembed\" frameborder=\"0\" allow=\"accelerometer; autoplay; clipboard-write; encrypted-media; gyroscope; picture-in-picture; web-share\" referrerpolicy=\"strict-origin-when-cross-origin\" allowfullscreen><\/iframe>\n<\/div><\/figure>\n\n\n\n<p>2020 Covid<\/p>\n\n\n\n<figure class=\"wp-block-embed is-type-video is-provider-youtube wp-block-embed-youtube wp-embed-aspect-16-9 wp-has-aspect-ratio\"><div class=\"wp-block-embed__wrapper\">\n<iframe title=\"Olt\u00f3man\u00f3k k\u00e9r\u00e9sei #MaradjOtthon\" width=\"640\" height=\"360\" src=\"https:\/\/www.youtube.com\/embed\/32rnW7I0lcM?feature=oembed\" frameborder=\"0\" allow=\"accelerometer; autoplay; clipboard-write; encrypted-media; gyroscope; picture-in-picture; web-share\" referrerpolicy=\"strict-origin-when-cross-origin\" allowfullscreen><\/iframe>\n<\/div><\/figure>\n\n\n\n<p class=\"has-medium-font-size\">2019 Felvonul\u00e1s Budakeszin<\/p>\n\n\n\n<figure class=\"wp-block-embed is-type-video is-provider-youtube wp-block-embed-youtube wp-embed-aspect-16-9 wp-has-aspect-ratio\"><div class=\"wp-block-embed__wrapper\">\n<iframe title=\"T\u0171zolt\u00f3aut\u00f3k Felvonul\u00e1sa Budakeszin\" width=\"640\" height=\"360\" src=\"https:\/\/www.youtube.com\/embed\/Yg2bEUz28ZA?feature=oembed\" frameborder=\"0\" allow=\"accelerometer; autoplay; clipboard-write; encrypted-media; gyroscope; picture-in-picture; web-share\" referrerpolicy=\"strict-origin-when-cross-origin\" allowfullscreen><\/iframe>\n<\/div><\/figure>\n\n\n\n<p class=\"has-medium-font-size\">2018 Vezet\u00e9si gyakorlat<\/p>\n\n\n\n<figure class=\"wp-block-embed is-type-video is-provider-youtube wp-block-embed-youtube wp-embed-aspect-16-9 wp-has-aspect-ratio\"><div class=\"wp-block-embed__wrapper\">\n<iframe title=\"Budakeszi \u00d6nk\u00e9ntes T\u0171zolt\u00f3 Egyes\u00fclet Vezet\u00e9si gyakorlat\" width=\"640\" height=\"360\" src=\"https:\/\/www.youtube.com\/embed\/ZaPhRhK2ZwE?feature=oembed\" frameborder=\"0\" allow=\"accelerometer; autoplay; clipboard-write; encrypted-media; gyroscope; picture-in-picture; web-share\" referrerpolicy=\"strict-origin-when-cross-origin\" allowfullscreen><\/iframe>\n<\/div><\/figure>\n\n\n\n<p class=\"has-medium-font-size\">2018 Bemutat\u00f3<\/p>\n\n\n\n<figure class=\"wp-block-embed is-type-video is-provider-youtube wp-block-embed-youtube wp-embed-aspect-16-9 wp-has-aspect-ratio\"><div class=\"wp-block-embed__wrapper\">\n<iframe title=\"Budakeszi \u00d6te bemutat\u00f3 2018.08.18.\" width=\"640\" height=\"360\" src=\"https:\/\/www.youtube.com\/embed\/xG7jA-wN6mQ?feature=oembed\" frameborder=\"0\" allow=\"accelerometer; autoplay; clipboard-write; encrypted-media; gyroscope; picture-in-picture; web-share\" referrerpolicy=\"strict-origin-when-cross-origin\" allowfullscreen><\/iframe>\n<\/div><\/figure>\n","protected":false},"excerpt":{"rendered":"<p>2024 2023 2022 2020 Covid 2019 Felvonul\u00e1s Budakeszin 2018 Vezet\u00e9si gyakorlat 2018 Bemutat\u00f3<\/p>\n","protected":false},"author":1,"featured_media":0,"parent":0,"menu_order":0,"comment_status":"closed","ping_status":"closed","template":"","meta":[],"_links":{"self":[{"href":"http:\/\/www.bote.hu\/index.php?rest_route=\/wp\/v2\/pages\/1804"}],"collection":[{"href":"http:\/\/www.bote.hu\/index.php?rest_route=\/wp\/v2\/pages"}],"about":[{"href":"http:\/\/www.bote.hu\/index.php?rest_route=\/wp\/v2\/types\/page"}],"author":[{"embeddable":true,"href":"http:\/\/www.bote.hu\/index.php?rest_route=\/wp\/v2\/users\/1"}],"replies":[{"embeddable":true,"href":"http:\/\/www.bote.hu\/index.php?rest_route=%2Fwp%2Fv2%2Fcomments&post=1804"}],"version-history":[{"count":7,"href":"http:\/\/www.bote.hu\/index.php?rest_route=\/wp\/v2\/pages\/1804\/revisions"}],"predecessor-version":[{"id":1994,"href":"http:\/\/www.bote.hu\/index.php?rest_route=\/wp\/v2\/pages\/1804\/revisions\/1994"}],"wp:attachment":[{"href":"http:\/\/www.bote.hu\/index.php?rest_route=%2Fwp%2Fv2%2Fmedia&parent=1804"}],"curies":[{"name":"wp","href":"https:\/\/api.w.org\/{rel}","templated":true}]}}