{"id":2,"date":"2016-04-22T12:24:13","date_gmt":"2016-04-22T12:24:13","guid":{"rendered":"http:\/\/www.bote.hu\/?page_id=2"},"modified":"2019-05-27T11:08:55","modified_gmt":"2019-05-27T11:08:55","slug":"about","status":"publish","type":"page","link":"http:\/\/www.bote.hu\/?page_id=2","title":{"rendered":"El\u00e9rhet\u0151s\u00e9g"},"content":{"rendered":"<p style=\"text-align: center;\"><strong>Budakeszi \u00d6nk\u00e9ntes T\u0171zolt\u00f3 Egyes\u00fclet<\/strong><\/p>\n<p style=\"text-align: center;\">2092 Budakeszi F\u0151 u. 85.<\/p>\n<p style=\"text-align: center;\">Ad\u00f3sz\u00e1m:18650253-2-13<\/p>\n<p style=\"text-align: center;\">Bank: OTP Bank 11742348-20020347<\/p>\n<p style=\"text-align: center;\">Eln\u00f6k:ifj Hidas M\u00e1ty\u00e1s<\/p>\n<p style=\"text-align: center;\"><span style=\"display: inline !important; float: none; background-color: #ffffff; color: #444444; font-family: Georgia,'Bitstream Charter',serif; font-size: 16px; font-style: normal; font-variant: normal; font-weight: 400; letter-spacing: normal; line-height: 1.5; orphans: 2; text-align: center; text-decoration: none; text-indent: 0px; text-transform: none; -webkit-text-stroke-width: 0px; white-space: normal; word-spacing: 0px;\">\u00a0El\u00e9rhet\u0151s\u00e9geink: \u00a0 <strong>1: <a href=\"tel:+36304838542\" target=\"_blank\">+36.30.483.8542<\/a><\/strong>\u00a0 2: <a href=\"tel:+36309318230\" target=\"_blank\">+36.30.931.8230<\/a><\/span><span style=\"display: inline !important; float: none; background-color: #ffffff; color: #444444; font-family: Georgia,'Bitstream Charter',serif; font-size: 16px; font-style: normal; font-variant: normal; font-weight: 400; letter-spacing: normal; line-height: 1.5; orphans: 2; text-align: center; text-decoration: none; text-indent: 0px; text-transform: none; -webkit-text-stroke-width: 0px; white-space: normal; word-spacing: 0px;\"> 3: <a href=\"tel:+36204495959\" target=\"_blank\">+36.20.449.5656<\/a><\/span><\/p>\n<p style=\"text-align: center;\">T\u0171zolt\u00f3parancsnok: Szil\u00e1gyi Egon <a href=\"tel:+36308681332\" target=\"_blank\">+36.30.868.1332<\/a><\/p>\n<p style=\"text-align: center;\"><strong>Baj eset\u00e9n el\u0151sz\u00f6r mindig a 112-es k\u00f6zponti seg\u00e9lyh\u00edv\u00f3 vonalat h\u00edvja!<\/strong><\/p>\n<p style=\"text-align: center;\"><a href=\"http:\/\/www.bote.hu\">www.bote.hu<\/a><\/p>\n<p style=\"text-align: center;\"><a href=\"mailto:info@bote.hu\">info@bote.hu<\/a><\/p>\n<p style=\"text-align: center;\"><a href=\"http:\/\/facebook.com\/budakesziote\">facebook.com\/budakesziote<\/a><\/p>\n","protected":false},"excerpt":{"rendered":"<p>Budakeszi \u00d6nk\u00e9ntes T\u0171zolt\u00f3 Egyes\u00fclet 2092 Budakeszi F\u0151 u. 85. Ad\u00f3sz\u00e1m:18650253-2-13 Bank: OTP Bank 11742348-20020347 Eln\u00f6k:ifj Hidas M\u00e1ty\u00e1s \u00a0El\u00e9rhet\u0151s\u00e9geink: \u00a0 1: +36.30.483.8542\u00a0 2: +36.30.931.8230 3: +36.20.449.5656 T\u0171zolt\u00f3parancsnok: Szil\u00e1gyi Egon +36.30.868.1332 Baj eset\u00e9n el\u0151sz\u00f6r mindig a 112-es k\u00f6zponti seg\u00e9lyh\u00edv\u00f3 vonalat h\u00edvja! www.bote.hu &hellip; <a href=\"http:\/\/www.bote.hu\/?page_id=2\">Egy kattint\u00e1s ide a folytat\u00e1shoz&#8230;. <span class=\"meta-nav\">&rarr;<\/span><\/a><\/p>\n","protected":false},"author":1,"featured_media":0,"parent":0,"menu_order":0,"comment_status":"closed","ping_status":"closed","template":"","meta":[],"_links":{"self":[{"href":"http:\/\/www.bote.hu\/index.php?rest_route=\/wp\/v2\/pages\/2"}],"collection":[{"href":"http:\/\/www.bote.hu\/index.php?rest_route=\/wp\/v2\/pages"}],"about":[{"href":"http:\/\/www.bote.hu\/index.php?rest_route=\/wp\/v2\/types\/page"}],"author":[{"embeddable":true,"href":"http:\/\/www.bote.hu\/index.php?rest_route=\/wp\/v2\/users\/1"}],"replies":[{"embeddable":true,"href":"http:\/\/www.bote.hu\/index.php?rest_route=%2Fwp%2Fv2%2Fcomments&post=2"}],"version-history":[{"count":16,"href":"http:\/\/www.bote.hu\/index.php?rest_route=\/wp\/v2\/pages\/2\/revisions"}],"predecessor-version":[{"id":905,"href":"http:\/\/www.bote.hu\/index.php?rest_route=\/wp\/v2\/pages\/2\/revisions\/905"}],"wp:attachment":[{"href":"http:\/\/www.bote.hu\/index.php?rest_route=%2Fwp%2Fv2%2Fmedia&parent=2"}],"curies":[{"name":"wp","href":"https:\/\/api.w.org\/{rel}","templated":true}]}}