{"id":599,"date":"2018-02-13T09:26:56","date_gmt":"2018-02-13T09:26:56","guid":{"rendered":"http:\/\/www.bote.hu\/?page_id=599"},"modified":"2023-12-04T14:41:02","modified_gmt":"2023-12-04T14:41:02","slug":"dokumentumok","status":"publish","type":"page","link":"http:\/\/www.bote.hu\/?page_id=599","title":{"rendered":"Dokumentumok"},"content":{"rendered":"<p><a href=\"http:\/\/www.bote.hu\/wp-content\/uploads\/2018\/02\/BOTE_alapszabaly_1923.pdf\">B\u00d6TE 1923 alapszab\u00e1ly<\/a><\/p>\n<p><a href=\"http:\/\/www.bote.hu\/?page_id=602\">Szakmai besz\u00e1mol\u00f3k<\/a><\/p>\n<p>Adatv\u00e9delmi t\u00e1j\u00e9koztat\u00f3<\/p>\n","protected":false},"excerpt":{"rendered":"<p>B\u00d6TE 1923 alapszab\u00e1ly Szakmai besz\u00e1mol\u00f3k Adatv\u00e9delmi t\u00e1j\u00e9koztat\u00f3<\/p>\n","protected":false},"author":1,"featured_media":0,"parent":0,"menu_order":0,"comment_status":"closed","ping_status":"closed","template":"","meta":[],"_links":{"self":[{"href":"http:\/\/www.bote.hu\/index.php?rest_route=\/wp\/v2\/pages\/599"}],"collection":[{"href":"http:\/\/www.bote.hu\/index.php?rest_route=\/wp\/v2\/pages"}],"about":[{"href":"http:\/\/www.bote.hu\/index.php?rest_route=\/wp\/v2\/types\/page"}],"author":[{"embeddable":true,"href":"http:\/\/www.bote.hu\/index.php?rest_route=\/wp\/v2\/users\/1"}],"replies":[{"embeddable":true,"href":"http:\/\/www.bote.hu\/index.php?rest_route=%2Fwp%2Fv2%2Fcomments&post=599"}],"version-history":[{"count":6,"href":"http:\/\/www.bote.hu\/index.php?rest_route=\/wp\/v2\/pages\/599\/revisions"}],"predecessor-version":[{"id":1709,"href":"http:\/\/www.bote.hu\/index.php?rest_route=\/wp\/v2\/pages\/599\/revisions\/1709"}],"wp:attachment":[{"href":"http:\/\/www.bote.hu\/index.php?rest_route=%2Fwp%2Fv2%2Fmedia&parent=599"}],"curies":[{"name":"wp","href":"https:\/\/api.w.org\/{rel}","templated":true}]}}