{"id":602,"date":"2018-02-13T09:28:19","date_gmt":"2018-02-13T09:28:19","guid":{"rendered":"http:\/\/www.bote.hu\/?page_id=602"},"modified":"2024-03-24T12:28:16","modified_gmt":"2024-03-24T12:28:16","slug":"szakmai-beszamolok","status":"publish","type":"page","link":"http:\/\/www.bote.hu\/?page_id=602","title":{"rendered":"Szakmai besz\u00e1mol\u00f3k"},"content":{"rendered":"<p><a href=\"http:\/\/www.bote.hu\/wp-content\/uploads\/2018\/02\/Bote_2017_szakmaibeszamolo.pdf\">B\u00d6TE szakmai besz\u00e1mol\u00f3 2017<\/a><\/p>\n<p><a href=\"http:\/\/www.bote.hu\/wp-content\/uploads\/2021\/01\/2018.-BOTE-beszamolo.pdf\">B\u00d6TE szakmai besz\u00e1mol\u00f3 2018<\/a><\/p>\n<p><a href=\"http:\/\/www.bote.hu\/wp-content\/uploads\/2021\/01\/2019.-BOTE-beszamolo.pdf\">B\u00d6TE szakmai besz\u00e1mol\u00f3 2019<\/a><\/p>\n<p><a href=\"http:\/\/www.bote.hu\/wp-content\/uploads\/2021\/01\/2020-Bote-beszamolo-alairt-2.pdf\">B\u00d6TE szakmai besz\u00e1mol\u00f3 2020<\/a><\/p>\n\n\n<p><a href=\"http:\/\/www.bote.hu\/wp-content\/uploads\/2024\/03\/Budakeszi-o\u0308nke\u0301tes-T-2022-teve\u0301kenyse\u0301ge.pdf\" target=\"_blank\" rel=\"noreferrer noopener\">B\u00d6TE szakmai besz\u00e1mol\u00f3 2022<\/a><\/p>\n","protected":false},"excerpt":{"rendered":"<p>B\u00d6TE szakmai besz\u00e1mol\u00f3 2017 B\u00d6TE szakmai besz\u00e1mol\u00f3 2018 B\u00d6TE szakmai besz\u00e1mol\u00f3 2019 B\u00d6TE szakmai besz\u00e1mol\u00f3 2020 B\u00d6TE szakmai besz\u00e1mol\u00f3 2022<\/p>\n","protected":false},"author":1,"featured_media":0,"parent":0,"menu_order":0,"comment_status":"closed","ping_status":"closed","template":"","meta":[],"_links":{"self":[{"href":"http:\/\/www.bote.hu\/index.php?rest_route=\/wp\/v2\/pages\/602"}],"collection":[{"href":"http:\/\/www.bote.hu\/index.php?rest_route=\/wp\/v2\/pages"}],"about":[{"href":"http:\/\/www.bote.hu\/index.php?rest_route=\/wp\/v2\/types\/page"}],"author":[{"embeddable":true,"href":"http:\/\/www.bote.hu\/index.php?rest_route=\/wp\/v2\/users\/1"}],"replies":[{"embeddable":true,"href":"http:\/\/www.bote.hu\/index.php?rest_route=%2Fwp%2Fv2%2Fcomments&post=602"}],"version-history":[{"count":7,"href":"http:\/\/www.bote.hu\/index.php?rest_route=\/wp\/v2\/pages\/602\/revisions"}],"predecessor-version":[{"id":1835,"href":"http:\/\/www.bote.hu\/index.php?rest_route=\/wp\/v2\/pages\/602\/revisions\/1835"}],"wp:attachment":[{"href":"http:\/\/www.bote.hu\/index.php?rest_route=%2Fwp%2Fv2%2Fmedia&parent=602"}],"curies":[{"name":"wp","href":"https:\/\/api.w.org\/{rel}","templated":true}]}}